{"id":21,"date":"2017-11-05T22:43:02","date_gmt":"2017-11-05T21:43:02","guid":{"rendered":"https:\/\/trak.pl\/de\/?page_id=21"},"modified":"2017-11-13T00:47:40","modified_gmt":"2017-11-12T23:47:40","slug":"gestelle-fur-polstermobel","status":"publish","type":"page","link":"https:\/\/trak.pl\/de\/angebot\/gestelle-fur-polstermobel\/","title":{"rendered":"GESTELLE F\u00dcR POLSTERM\u00d6BEL"},"content":{"rendered":"<p>[vc_row css_animation=&#8220;&#8220; row_type=&#8220;row&#8220; use_row_as_full_screen_section=&#8220;no&#8220; type=&#8220;full_width&#8220; angled_section=&#8220;no&#8220; text_align=&#8220;left&#8220; background_image_as_pattern=&#8220;without_pattern&#8220;][vc_column width=&#8220;1\/2&#8243;][vc_row_inner row_type=&#8220;row&#8220; type=&#8220;full_width&#8220; text_align=&#8220;left&#8220; side_padding=&#8220;15&#8243; padding_top=&#8220;60&#8243; css_animation=&#8220;&#8220;][vc_column_inner][vc_empty_space height=&#8220;50px&#8220;][vc_column_text]<\/p>\n<h1>GESTELLE F\u00dcR POLSTERM\u00d6BEL<\/h1>\n<p>[\/vc_column_text][vc_empty_space height=&#8220;20px&#8220;][vc_column_text]<strong>Wir sind Hersteller f\u00fcr Polstergestelle, die wir aus Werkstoffen h\u00f6chster Qualit\u00e4t anfertigen. Unsere Gestelle werden exakt nach den W\u00fcnschen und Entw\u00fcrfen unserer Kunden ausgef\u00fchrt.<\/strong>[\/vc_column_text][\/vc_column_inner][\/vc_row_inner][vc_empty_space][\/vc_column][vc_column width=&#8220;1\/2&#8243; css=&#8220;.vc_custom_1505338582658{padding-top: 0px !important;padding-right: 0px !important;padding-bottom: 0px !important;padding-left: 0px !important;}&#8220;][vc_empty_space height=&#8220;64px&#8220;][rev_slider_vc alias=&#8220;1-stelaze-do-mebli-tapicerowanych&#8220;][\/vc_column][\/vc_row][vc_row css_animation=&#8220;&#8220; row_type=&#8220;row&#8220; use_row_as_full_screen_section=&#8220;no&#8220; type=&#8220;full_width&#8220; angled_section=&#8220;no&#8220; text_align=&#8220;left&#8220; background_image_as_pattern=&#8220;without_pattern&#8220; padding_top=&#8220;40&#8243;][vc_column width=&#8220;1\/2&#8243; css=&#8220;.vc_custom_1505338680472{padding-top: 0px !important;padding-right: 0px !important;padding-bottom: 0px !important;padding-left: 0px !important;}&#8220;][vc_empty_space height=&#8220;16px&#8220;][rev_slider_vc alias=&#8220;2-stelaze-do-mebli-tapicerowanych&#8220;][\/vc_column][vc_column width=&#8220;1\/2&#8243;][vc_row_inner row_type=&#8220;row&#8220; type=&#8220;full_width&#8220; text_align=&#8220;left&#8220; side_padding=&#8220;10&#8243; css_animation=&#8220;&#8220;][vc_column_inner][vc_empty_space][vc_empty_space height=&#8220;46px&#8220;][vc_column_text]Wir bieten Ihnen Gestelle f\u00fcr Polsterm\u00f6bel aller Art an.[\/vc_column_text][vc_empty_space height=&#8220;16px&#8220;][vc_column_text]<\/p>\n<ul>\n<li><span style=\"font-weight: 400;\">Alle Elemente werden mit professionellen CNC-Maschinen zugeschnitten<\/span><span style=\"font-weight: 400;\">aus Holzwerkstoffen jeder Art<\/span><\/li>\n<li><span style=\"font-weight: 400;\">Die Gestelle k\u00f6nnen mit Federn ausger\u00fcstet, mit Filz, Pappe beklebt werden<\/span><\/li>\n<li><span style=\"font-weight: 400;\">Wir fertigen auch Gestelle mit Metallrahmen an<\/span><\/li>\n<\/ul>\n<p>[\/vc_column_text][vc_empty_space][\/vc_column_inner][\/vc_row_inner][\/vc_column][\/vc_row][vc_row css_animation=&#8220;&#8220; row_type=&#8220;row&#8220; use_row_as_full_screen_section=&#8220;no&#8220; type=&#8220;full_width&#8220; angled_section=&#8220;no&#8220; text_align=&#8220;left&#8220; background_image_as_pattern=&#8220;without_pattern&#8220; padding_bottom=&#8220;100&#8243;][vc_column width=&#8220;1\/2&#8243;][vc_row_inner row_type=&#8220;row&#8220; type=&#8220;full_width&#8220; text_align=&#8220;left&#8220; side_padding=&#8220;20&#8243; padding_top=&#8220;120&#8243; css_animation=&#8220;&#8220;][vc_column_inner][vc_column_text]<strong>Wir sind offen f\u00fcr Vorschl\u00e4ge und nehmen gern die Zusammenarbeit mit Vertretern der M\u00f6bel- und Polsterbranche an.<\/strong>[\/vc_column_text][vc_empty_space]<a  itemprop=\"url\" href=\"https:\/\/trak.pl\/de\/kontakt\" target=\"_self\"  class=\"qbutton  medium enlarge\" style=\"\">Kontaktiere uns &gt;<\/a>[\/vc_column_inner][\/vc_row_inner][\/vc_column][vc_column width=&#8220;1\/2&#8243; css=&#8220;.vc_custom_1505338680472{padding-top: 0px !important;padding-right: 0px !important;padding-bottom: 0px !important;padding-left: 0px !important;}&#8220;][vc_empty_space height=&#8220;64px&#8220;][rev_slider_vc alias=&#8220;3-stelaze-do-mebli-tapicerowanych&#8220;][\/vc_column][\/vc_row]<\/p>\n","protected":false},"excerpt":{"rendered":"<p>[vc_row css_animation=&#8220;&#8220; row_type=&#8220;row&#8220; use_row_as_full_screen_section=&#8220;no&#8220; type=&#8220;full_width&#8220; angled_section=&#8220;no&#8220; text_align=&#8220;left&#8220; background_image_as_pattern=&#8220;without_pattern&#8220;][vc_column width=&#8220;1\/2&#8243;][vc_row_inner row_type=&#8220;row&#8220; type=&#8220;full_width&#8220; text_align=&#8220;left&#8220; side_padding=&#8220;15&#8243; padding_top=&#8220;60&#8243; css_animation=&#8220;&#8220;][vc_column_inner][vc_empty_space height=&#8220;50px&#8220;][vc_column_text] GESTELLE F\u00dcR POLSTERM\u00d6BEL [\/vc_column_text][vc_empty_space height=&#8220;20px&#8220;][vc_column_text]Wir sind Hersteller f\u00fcr Polstergestelle, die wir aus Werkstoffen h\u00f6chster Qualit\u00e4t anfertigen. Unsere Gestelle werden exakt nach den W\u00fcnschen und Entw\u00fcrfen unserer Kunden ausgef\u00fchrt.[\/vc_column_text][\/vc_column_inner][\/vc_row_inner][vc_empty_space][\/vc_column][vc_column width=&#8220;1\/2&#8243;&#8230;<\/p>\n","protected":false},"author":1,"featured_media":0,"parent":19,"menu_order":0,"comment_status":"closed","ping_status":"closed","template":"full_width.php","meta":{"_exactmetrics_skip_tracking":false,"_exactmetrics_sitenote_active":false,"_exactmetrics_sitenote_note":"","_exactmetrics_sitenote_category":0,"footnotes":""},"class_list":["post-21","page","type-page","status-publish","hentry"],"_links":{"self":[{"href":"https:\/\/trak.pl\/de\/wp-json\/wp\/v2\/pages\/21","targetHints":{"allow":["GET"]}}],"collection":[{"href":"https:\/\/trak.pl\/de\/wp-json\/wp\/v2\/pages"}],"about":[{"href":"https:\/\/trak.pl\/de\/wp-json\/wp\/v2\/types\/page"}],"author":[{"embeddable":true,"href":"https:\/\/trak.pl\/de\/wp-json\/wp\/v2\/users\/1"}],"replies":[{"embeddable":true,"href":"https:\/\/trak.pl\/de\/wp-json\/wp\/v2\/comments?post=21"}],"version-history":[{"count":9,"href":"https:\/\/trak.pl\/de\/wp-json\/wp\/v2\/pages\/21\/revisions"}],"predecessor-version":[{"id":297,"href":"https:\/\/trak.pl\/de\/wp-json\/wp\/v2\/pages\/21\/revisions\/297"}],"up":[{"embeddable":true,"href":"https:\/\/trak.pl\/de\/wp-json\/wp\/v2\/pages\/19"}],"wp:attachment":[{"href":"https:\/\/trak.pl\/de\/wp-json\/wp\/v2\/media?parent=21"}],"curies":[{"name":"wp","href":"https:\/\/api.w.org\/{rel}","templated":true}]}}