{"id":41,"date":"2017-11-10T14:48:01","date_gmt":"2017-11-10T13:48:01","guid":{"rendered":"https:\/\/trak.pl\/de\/?page_id=41"},"modified":"2026-02-04T21:55:51","modified_gmt":"2026-02-04T20:55:51","slug":"maschinenpark","status":"publish","type":"page","link":"https:\/\/trak.pl\/de\/maschinenpark\/","title":{"rendered":"MASCHINENPARK"},"content":{"rendered":"<p>[vc_row css_animation=&#8220;&#8220; row_type=&#8220;row&#8220; use_row_as_full_screen_section=&#8220;no&#8220; type=&#8220;full_width&#8220; angled_section=&#8220;no&#8220; text_align=&#8220;left&#8220; background_image_as_pattern=&#8220;without_pattern&#8220;][vc_column][rev_slider_vc alias=&#8220;PM-top&#8220;][\/vc_column][\/vc_row][vc_row css_animation=&#8220;&#8220; row_type=&#8220;row&#8220; use_row_as_full_screen_section=&#8220;no&#8220; type=&#8220;full_width&#8220; angled_section=&#8220;no&#8220; text_align=&#8220;center&#8220; background_image_as_pattern=&#8220;without_pattern&#8220; side_padding=&#8220;15&#8243; padding_top=&#8220;100&#8243; padding_bottom=&#8220;100&#8243;][vc_column][vc_column_text]<\/p>\n<h2 style=\"text-align: center;\">UNSER MODERNER MASCHINENPARK BIETET EIN UMFANGREICHES PRODUKTIONSPOTENTIAL, DAS EINE FLEXIBLE ABWICKLUNG JEDES AUFTRAGS GEW\u00c4HRLEISTET. ER WIRD SEIT VIELEN JAHREN ST\u00c4NDIG ERWEITERT &#8211; GEM\u00c4SS DEN MARKTVER\u00c4NDERUNGEN UND DEN ANFORDERUNGEN UND W\u00dcNSCHEN UNSERER KUNDEN.<\/h2>\n<p>[\/vc_column_text][vc_empty_space][vc_column_text]<\/p>\n<p style=\"text-align: center;\"><span style=\"color: #333333;\"><span style=\"font-family: Arial, sans-serif;\"><span style=\"font-size: medium;\">Eines unserer Ziele ist die Aufrechterhaltung einer hohen Produktionsqualit\u00e4t mit umweltschonenden Mitteln. Auf dieser Grundlage werden im gesamten Produktionszyklus Werkstoffe von weltweit renommierten Herstellern eingesetzt. Jedes Jahr reduziert der Betrieb sch\u00e4dliche Emissionen und setzt sich deren Beseitigung zum Ziel.<br \/>Wir ver\u00f6ffentlichen technische Daten, Fotos und Anwendungsbeispiele f\u00fcr einige Maschinen.<br \/><\/span><\/span><\/span><\/p>\n<p>[\/vc_column_text][\/vc_column][\/vc_row][vc_row css_animation=&#8220;&#8220; row_type=&#8220;row&#8220; use_row_as_full_screen_section=&#8220;no&#8220; type=&#8220;full_width&#8220; angled_section=&#8220;no&#8220; text_align=&#8220;left&#8220; background_image_as_pattern=&#8220;without_pattern&#8220; padding_top=&#8220;80&#8243; padding_bottom=&#8220;80&#8243;][vc_column width=&#8220;5\/12&#8243;][vc_row_inner row_type=&#8220;row&#8220; type=&#8220;full_width&#8220; text_align=&#8220;left&#8220; side_padding=&#8220;20&#8243; padding_top=&#8220;100&#8243; css_animation=&#8220;&#8220;][vc_column_inner][vc_column_text]<\/p>\n<h2>CNC-BEARBEITUNGSZENTREN<\/h2>\n<p>[\/vc_column_text][vc_empty_space][vc_column_text]<span style=\"font-weight: 400;\">Der Betrieb verf\u00fcgt \u00fcber drei CNC-Maschinen der Firma SCM.<\/span><br \/><span style=\"font-weight: 400;\">Die CNC-Bearbeitung erm\u00f6glicht eine schnelle, pr\u00e4zise und reproduzierbare Ausf\u00fchrung komplexer Formen.<\/span><br \/>[\/vc_column_text][\/vc_column_inner][\/vc_row_inner][\/vc_column][vc_column width=&#8220;7\/12&#8243; css=&#8220;.vc_custom_1502927298955{padding-top: 0px !important;padding-right: 0px !important;padding-bottom: 0px !important;padding-left: 0px !important;}&#8220;][vc_empty_space height=&#8220;84px&#8220;][rev_slider_vc alias=&#8220;pm-cnc&#8220;][\/vc_column][\/vc_row][vc_row css_animation=&#8220;&#8220; row_type=&#8220;row&#8220; use_row_as_full_screen_section=&#8220;no&#8220; type=&#8220;full_width&#8220; angled_section=&#8220;no&#8220; text_align=&#8220;left&#8220; background_image_as_pattern=&#8220;without_pattern&#8220; padding_top=&#8220;80&#8243; padding_bottom=&#8220;80&#8243;][vc_column width=&#8220;7\/12&#8243;][vc_empty_space height=&#8220;64px&#8220;][rev_slider_vc alias=&#8220;pm-cyflex&#8220;][\/vc_column][vc_column width=&#8220;5\/12&#8243;][vc_row_inner row_type=&#8220;row&#8220; type=&#8220;full_width&#8220; text_align=&#8220;left&#8220; side_padding=&#8220;15&#8243; padding_top=&#8220;60&#8243; css_animation=&#8220;&#8220;][vc_column_inner][vc_empty_space][vc_column_text]<\/p>\n<h2>YASKAWA Roboter<\/h2>\n<p>[\/vc_column_text][vc_empty_space][vc_column_text]Automatisierung \u2013 Beschleunigung des Produktionsprozesses von einfachen Gestellteilen.<\/p>\n<p>[\/vc_column_text][\/vc_column_inner][\/vc_row_inner][\/vc_column][\/vc_row][vc_row css_animation=&#8220;&#8220; row_type=&#8220;row&#8220; use_row_as_full_screen_section=&#8220;no&#8220; type=&#8220;full_width&#8220; angled_section=&#8220;no&#8220; text_align=&#8220;left&#8220; background_image_as_pattern=&#8220;without_pattern&#8220; padding_top=&#8220;80&#8243; padding_bottom=&#8220;80&#8243;][vc_column width=&#8220;5\/12&#8243;][vc_row_inner row_type=&#8220;row&#8220; type=&#8220;full_width&#8220; text_align=&#8220;left&#8220; side_padding=&#8220;20&#8243; padding_top=&#8220;100&#8243; css_animation=&#8220;&#8220;][vc_column_inner][vc_column_text]<\/p>\n<h2>FORMATS\u00c4GE HOLZER<\/h2>\n<p>[\/vc_column_text][vc_empty_space][vc_column_text]Vollautomatisches Zentrum f\u00fcr das Zuschneiden von Platten und Sperrholz.<br \/>Unser Betrieb verf\u00fcgt au\u00dferdem \u00fcber eine weitere Formats\u00e4ge der italienischen Firma Paolini<br \/>[\/vc_column_text][\/vc_column_inner][\/vc_row_inner][\/vc_column][vc_column width=&#8220;7\/12&#8243;][vc_empty_space height=&#8220;64px&#8220;][rev_slider_vc alias=&#8220;pm-hh&#8220;][\/vc_column][\/vc_row][vc_row css_animation=&#8220;&#8220; row_type=&#8220;row&#8220; use_row_as_full_screen_section=&#8220;no&#8220; type=&#8220;full_width&#8220; angled_section=&#8220;no&#8220; text_align=&#8220;left&#8220; background_image_as_pattern=&#8220;without_pattern&#8220; padding_top=&#8220;80&#8243; padding_bottom=&#8220;80&#8243;][vc_column width=&#8220;7\/12&#8243;][vc_empty_space height=&#8220;64px&#8220;][rev_slider_vc alias=&#8220;pm-wiert&#8220;][\/vc_column][vc_column width=&#8220;5\/12&#8243;][vc_row_inner row_type=&#8220;row&#8220; type=&#8220;full_width&#8220; text_align=&#8220;left&#8220; side_padding=&#8220;15&#8243; padding_top=&#8220;100&#8243; css_animation=&#8220;&#8220;][vc_column_inner][vc_column_text]<\/p>\n<h2>BOHR- UND D\u00dcBELAUTOMAT<\/h2>\n<p>[\/vc_column_text][vc_empty_space][vc_column_text]<span style=\"font-weight: 400;\">Die Maschine bohrt D\u00fcbell\u00f6cher, bringt selbst\u00e4ndig Leim an und schl\u00e4gt D\u00fcbel ein. Hohe Kapazit\u00e4t, Qualit\u00e4t und Pr\u00e4zision der Bohr- und D\u00fcbelarbeiten.<\/span>[\/vc_column_text][\/vc_column_inner][\/vc_row_inner][\/vc_column][\/vc_row][vc_row css_animation=&#8220;&#8220; row_type=&#8220;row&#8220; use_row_as_full_screen_section=&#8220;no&#8220; type=&#8220;full_width&#8220; angled_section=&#8220;no&#8220; text_align=&#8220;left&#8220; background_image_as_pattern=&#8220;without_pattern&#8220; padding_top=&#8220;80&#8243; padding_bottom=&#8220;80&#8243;][vc_column width=&#8220;5\/12&#8243;][vc_row_inner row_type=&#8220;row&#8220; type=&#8220;full_width&#8220; text_align=&#8220;left&#8220; side_padding=&#8220;10&#8243; padding_top=&#8220;100&#8243; css_animation=&#8220;&#8220;][vc_column_inner][vc_column_text]<\/p>\n<h2>OPTIMIERS\u00c4GE<\/h2>\n<p>[\/vc_column_text][vc_empty_space][vc_column_text]<span style=\"font-weight: 400;\">Dient zum sehr schnellen und vor allem pr\u00e4zisen Querschneiden und Abl\u00e4ngen der Leisten. Ein modernes Ger\u00e4t erh\u00f6ht die Produktionsleistung, senkt Kosten und verbessert die Arbeitssicherheit.<\/span>[\/vc_column_text][\/vc_column_inner][\/vc_row_inner][\/vc_column][vc_column width=&#8220;7\/12&#8243;][vc_empty_space height=&#8220;64px&#8220;][rev_slider_vc alias=&#8220;pm-optyma&#8220;][\/vc_column][\/vc_row][vc_row css_animation=&#8220;&#8220; row_type=&#8220;row&#8220; use_row_as_full_screen_section=&#8220;no&#8220; type=&#8220;full_width&#8220; angled_section=&#8220;no&#8220; text_align=&#8220;left&#8220; background_image_as_pattern=&#8220;without_pattern&#8220; padding_top=&#8220;80&#8243; padding_bottom=&#8220;80&#8243;][vc_column width=&#8220;7\/12&#8243;][vc_empty_space height=&#8220;64px&#8220;][rev_slider_vc alias=&#8220;DTFL2401&#8243;][\/vc_column][vc_column width=&#8220;5\/12&#8243;][vc_row_inner row_type=&#8220;row&#8220; type=&#8220;full_width&#8220; text_align=&#8220;left&#8220; side_padding=&#8220;20&#8243; padding_top=&#8220;100&#8243; css_animation=&#8220;&#8220;][vc_column_inner][vc_column_text]<\/p>\n<h2>DTFL2 401<\/h2>\n<p>[\/vc_column_text][vc_empty_space][vc_column_text]<span style=\"font-weight: 400;\">Das CNC-Zentrum der Marke NCR ist f\u00fcr die Bearbeitung von l\u00e4nglichen Elementen z.B. aus Massivholz, MDF, Spanplatten und \u00e4hnlichen Materialien konzipiert.<\/span>[\/vc_column_text][\/vc_column_inner][\/vc_row_inner][\/vc_column][\/vc_row]<\/p>\n\n<p>[vc_row css_animation=&#8220;&#8220; row_type=&#8220;row&#8220; use_row_as_full_screen_section=&#8220;no&#8220; type=&#8220;full_width&#8220; angled_section=&#8220;no&#8220; text_align=&#8220;left&#8220; background_image_as_pattern=&#8220;without_pattern&#8220; padding_top=&#8220;80&#8243; padding_bottom=&#8220;80&#8243;][vc_column width=&#8220;5\/12&#8243;][vc_row_inner row_type=&#8220;row&#8220; type=&#8220;full_width&#8220; text_align=&#8220;left&#8220; side_padding=&#8220;10&#8243; padding_top=&#8220;100&#8243; css_animation=&#8220;&#8220;][vc_column_inner][vc_column_text]<\/p>\n<h2>TRADITION IM MODERNEN BETRIEB<\/h2>\n<p>[\/vc_column_text][vc_empty_space][vc_column_text]<span style=\"font-weight: 400;\">Die Zuschnitte ben\u00f6tigen in vielen F\u00e4llen hohe Pr\u00e4zision und Erfahrung des Mitarbeiters. Aus diesem Grund werden Leisten teilweise mit traditionellen Kreiss\u00e4gen und Hobelmaschinen bearbeitet<\/span>[\/vc_column_text][\/vc_column_inner][\/vc_row_inner][\/vc_column][vc_column width=&#8220;7\/12&#8243;][vc_empty_space height=&#8220;64px&#8220;][rev_slider_vc alias=&#8220;pm-trad&#8220;][\/vc_column][\/vc_row]<\/p>\n","protected":false},"excerpt":{"rendered":"<p>[vc_row css_animation=&#8220;&#8220; row_type=&#8220;row&#8220; use_row_as_full_screen_section=&#8220;no&#8220; type=&#8220;full_width&#8220; angled_section=&#8220;no&#8220; text_align=&#8220;left&#8220; background_image_as_pattern=&#8220;without_pattern&#8220;][vc_column][rev_slider_vc alias=&#8220;PM-top&#8220;][\/vc_column][\/vc_row][vc_row css_animation=&#8220;&#8220; row_type=&#8220;row&#8220; use_row_as_full_screen_section=&#8220;no&#8220; type=&#8220;full_width&#8220; angled_section=&#8220;no&#8220; text_align=&#8220;center&#8220; background_image_as_pattern=&#8220;without_pattern&#8220; side_padding=&#8220;15&#8243; padding_top=&#8220;100&#8243; padding_bottom=&#8220;100&#8243;][vc_column][vc_column_text] UNSER MODERNER MASCHINENPARK BIETET EIN UMFANGREICHES PRODUKTIONSPOTENTIAL, DAS EINE FLEXIBLE ABWICKLUNG JEDES AUFTRAGS GEW\u00c4HRLEISTET. ER WIRD SEIT VIELEN JAHREN ST\u00c4NDIG ERWEITERT &#8211; GEM\u00c4SS DEN MARKTVER\u00c4NDERUNGEN UND&#8230;<\/p>\n","protected":false},"author":1,"featured_media":0,"parent":0,"menu_order":0,"comment_status":"closed","ping_status":"closed","template":"full_width.php","meta":{"_exactmetrics_skip_tracking":false,"_exactmetrics_sitenote_active":false,"_exactmetrics_sitenote_note":"","_exactmetrics_sitenote_category":0,"footnotes":""},"class_list":["post-41","page","type-page","status-publish","hentry"],"_links":{"self":[{"href":"https:\/\/trak.pl\/de\/wp-json\/wp\/v2\/pages\/41","targetHints":{"allow":["GET"]}}],"collection":[{"href":"https:\/\/trak.pl\/de\/wp-json\/wp\/v2\/pages"}],"about":[{"href":"https:\/\/trak.pl\/de\/wp-json\/wp\/v2\/types\/page"}],"author":[{"embeddable":true,"href":"https:\/\/trak.pl\/de\/wp-json\/wp\/v2\/users\/1"}],"replies":[{"embeddable":true,"href":"https:\/\/trak.pl\/de\/wp-json\/wp\/v2\/comments?post=41"}],"version-history":[{"count":15,"href":"https:\/\/trak.pl\/de\/wp-json\/wp\/v2\/pages\/41\/revisions"}],"predecessor-version":[{"id":387,"href":"https:\/\/trak.pl\/de\/wp-json\/wp\/v2\/pages\/41\/revisions\/387"}],"wp:attachment":[{"href":"https:\/\/trak.pl\/de\/wp-json\/wp\/v2\/media?parent=41"}],"curies":[{"name":"wp","href":"https:\/\/api.w.org\/{rel}","templated":true}]}}